{"id":360,"date":"2024-12-18T12:40:27","date_gmt":"2024-12-18T10:40:27","guid":{"rendered":"https:\/\/reconnectclinic.ro\/?page_id=360"},"modified":"2025-09-21T18:52:51","modified_gmt":"2025-09-21T16:52:51","slug":"articole","status":"publish","type":"page","link":"https:\/\/reconnectclinic.ro\/en\/articole\/","title":{"rendered":"Articles"},"content":{"rendered":"<div data-elementor-type=\"wp-page\" data-elementor-id=\"360\" class=\"elementor elementor-360\" data-elementor-post-type=\"page\">\n\t\t\t\t<div class=\"elementor-element elementor-element-fc56ef7 e-flex e-con-boxed e-con e-parent\" data-id=\"fc56ef7\" data-element_type=\"container\">\n\t\t\t\t\t<div class=\"e-con-inner\">\n\t\t\t\t<div class=\"elementor-element elementor-element-0eab682 elementor-widget elementor-widget-heading\" data-id=\"0eab682\" data-element_type=\"widget\" data-widget_type=\"heading.default\">\n\t\t\t\t<div class=\"elementor-widget-container\">\n\t\t\t\t\t<h1 class=\"elementor-heading-title elementor-size-default\">New<\/h1>\t\t\t\t<\/div>\n\t\t\t\t<\/div>\n\t\t\t\t<div class=\"elementor-element elementor-element-f56b3f8 elementor-widget-divider--view-line elementor-invisible elementor-widget elementor-widget-divider\" data-id=\"f56b3f8\" data-element_type=\"widget\" data-settings=\"{&quot;_animation&quot;:&quot;fadeInLeft&quot;}\" data-widget_type=\"divider.default\">\n\t\t\t\t<div class=\"elementor-widget-container\">\n\t\t\t\t\t\t\t<div class=\"elementor-divider\">\n\t\t\t<span class=\"elementor-divider-separator\">\n\t\t\t\t\t\t<\/span>\n\t\t<\/div>\n\t\t\t\t\t\t<\/div>\n\t\t\t\t<\/div>\n\t\t\t\t\t<\/div>\n\t\t\t\t<\/div>\n\t\t<div class=\"elementor-element elementor-element-53e3809 e-flex e-con-boxed e-con e-parent\" data-id=\"53e3809\" data-element_type=\"container\">\n\t\t\t\t\t<div class=\"e-con-inner\">\n\t\t<div class=\"elementor-element elementor-element-9ad954d e-con-full e-flex e-con e-child\" data-id=\"9ad954d\" data-element_type=\"container\">\n\t\t\t\t<div class=\"elementor-element elementor-element-cebe58c elementor-grid-3 elementor-grid-tablet-2 elementor-grid-mobile-1 elementor-posts--thumbnail-top elementor-posts--show-avatar elementor-card-shadow-yes elementor-posts__hover-gradient elementor-widget elementor-widget-posts\" data-id=\"cebe58c\" data-element_type=\"widget\" data-settings=\"{&quot;pagination_type&quot;:&quot;numbers_and_prev_next&quot;,&quot;cards_columns&quot;:&quot;3&quot;,&quot;cards_columns_tablet&quot;:&quot;2&quot;,&quot;cards_columns_mobile&quot;:&quot;1&quot;,&quot;cards_row_gap&quot;:{&quot;unit&quot;:&quot;px&quot;,&quot;size&quot;:35,&quot;sizes&quot;:[]},&quot;cards_row_gap_tablet&quot;:{&quot;unit&quot;:&quot;px&quot;,&quot;size&quot;:&quot;&quot;,&quot;sizes&quot;:[]},&quot;cards_row_gap_mobile&quot;:{&quot;unit&quot;:&quot;px&quot;,&quot;size&quot;:&quot;&quot;,&quot;sizes&quot;:[]}}\" data-widget_type=\"posts.cards\">\n\t\t\t\t<div class=\"elementor-widget-container\">\n\t\t\t\t\t\t\t<div class=\"elementor-posts-container elementor-posts elementor-posts--skin-cards elementor-grid\" role=\"list\">\n\t\t\t\t<article class=\"elementor-post elementor-grid-item post-2937 post type-post status-publish format-standard hentry category-reconnect\" role=\"listitem\">\n\t\t\t<div class=\"elementor-post__card\">\n\t\t\t\t<div class=\"elementor-post__text\">\n\t\t\t\t<h3 class=\"elementor-post__title\">\n\t\t\t<a href=\"https:\/\/reconnectclinic.ro\/en\/2025\/12\/22\/naturopatia-arta-de-a-reface-sanatatea-prin-forta-inteligenta-a-naturii\/\">\n\t\t\t\tNaturopatia \u2013 Arta de a reface s\u0103n\u0103tatea prin for\u021ba inteligent\u0103 a naturii\t\t\t<\/a>\n\t\t<\/h3>\n\t\t\t\t<div class=\"elementor-post__excerpt\">\n\t\t\t<p>Abordarea vitalist\u0103 \u0219i holistic\u0103 pe care o folosim la Reconnect pentru a restabili echilibrul profund al organismului Naturopatia este una dintre cele mai vechi \u0219i<\/p>\n\t\t<\/div>\n\t\t\n\t\t<a class=\"elementor-post__read-more\" href=\"https:\/\/reconnectclinic.ro\/en\/2025\/12\/22\/naturopatia-arta-de-a-reface-sanatatea-prin-forta-inteligenta-a-naturii\/\" aria-label=\"Read more about Naturopatia \u2013 Arta de a reface s\u0103n\u0103tatea prin for\u021ba inteligent\u0103 a naturii\" tabindex=\"-1\">\n\t\t\tCiteste tot \u00bb\t\t<\/a>\n\n\t\t\t\t<\/div>\n\t\t\t\t<div class=\"elementor-post__meta-data\">\n\t\t\t\t\t<span class=\"elementor-post-date\">\n\t\t\t22\/12\/2025\t\t<\/span>\n\t\t\t\t<\/div>\n\t\t\t\t\t<\/div>\n\t\t<\/article>\n\t\t\t\t<article class=\"elementor-post elementor-grid-item post-2934 post type-post status-publish format-standard hentry category-reconnect\" role=\"listitem\">\n\t\t\t<div class=\"elementor-post__card\">\n\t\t\t\t<div class=\"elementor-post__text\">\n\t\t\t\t<h3 class=\"elementor-post__title\">\n\t\t\t<a href=\"https:\/\/reconnectclinic.ro\/en\/2025\/12\/22\/medicina-cuantica-o-noua-era-in-intelegerea-sanatatii\/\">\n\t\t\t\tMedicina Cuantic\u0103 \u2013 o nou\u0103 er\u0103 \u00een \u00een\u021belegerea s\u0103n\u0103t\u0103\u021bii\t\t\t<\/a>\n\t\t<\/h3>\n\t\t\t\t<div class=\"elementor-post__excerpt\">\n\t\t\t<p>Descoperirile fizicii cuantice aplicate \u00een medicin\u0103, acum disponibile \u00een Rom\u00e2nia prin Clinica Reconnect \u00cen ultimele decenii, medicina a intrat \u00eentr-o etap\u0103 cu totul nou\u0103.Dac\u0103 secolul<\/p>\n\t\t<\/div>\n\t\t\n\t\t<a class=\"elementor-post__read-more\" href=\"https:\/\/reconnectclinic.ro\/en\/2025\/12\/22\/medicina-cuantica-o-noua-era-in-intelegerea-sanatatii\/\" aria-label=\"Read more about Medicina Cuantic\u0103 \u2013 o nou\u0103 er\u0103 \u00een \u00een\u021belegerea s\u0103n\u0103t\u0103\u021bii\" tabindex=\"-1\">\n\t\t\tCiteste tot \u00bb\t\t<\/a>\n\n\t\t\t\t<\/div>\n\t\t\t\t<div class=\"elementor-post__meta-data\">\n\t\t\t\t\t<span class=\"elementor-post-date\">\n\t\t\t22\/12\/2025\t\t<\/span>\n\t\t\t\t<\/div>\n\t\t\t\t\t<\/div>\n\t\t<\/article>\n\t\t\t\t<article class=\"elementor-post elementor-grid-item post-2929 post type-post status-publish format-standard hentry category-reconnect\" role=\"listitem\">\n\t\t\t<div class=\"elementor-post__card\">\n\t\t\t\t<div class=\"elementor-post__text\">\n\t\t\t\t<h3 class=\"elementor-post__title\">\n\t\t\t<a href=\"https:\/\/reconnectclinic.ro\/en\/2025\/12\/22\/medicina-functionala-personalizata-ingrijirea-moderna-orientata-spre-cauze-nu-doar-simptome\/\">\n\t\t\t\tMedicina Func\u021bional\u0103 \u2013 \u00cengrijirea modern\u0103 personalizat\u0103 orientat\u0103 spre cauze, nu doar simptome\t\t\t<\/a>\n\t\t<\/h3>\n\t\t\t\t<div class=\"elementor-post__excerpt\">\n\t\t\t<p>Abordarea personalizat\u0103 pe care o folosim la Clinica Reconnect pentru a reface echilibrul profund al organismului \u00cen ultimul deceniu, Medicina Func\u021bional\u0103 a devenit una dintre<\/p>\n\t\t<\/div>\n\t\t\n\t\t<a class=\"elementor-post__read-more\" href=\"https:\/\/reconnectclinic.ro\/en\/2025\/12\/22\/medicina-functionala-personalizata-ingrijirea-moderna-orientata-spre-cauze-nu-doar-simptome\/\" aria-label=\"Read more about Medicina Func\u021bional\u0103 \u2013 \u00cengrijirea modern\u0103 personalizat\u0103 orientat\u0103 spre cauze, nu doar simptome\" tabindex=\"-1\">\n\t\t\tCiteste tot \u00bb\t\t<\/a>\n\n\t\t\t\t<\/div>\n\t\t\t\t<div class=\"elementor-post__meta-data\">\n\t\t\t\t\t<span class=\"elementor-post-date\">\n\t\t\t22\/12\/2025\t\t<\/span>\n\t\t\t\t<\/div>\n\t\t\t\t\t<\/div>\n\t\t<\/article>\n\t\t\t\t<article class=\"elementor-post elementor-grid-item post-2700 post type-post status-publish format-standard hentry category-reconnect tag-beautiful-aging tag-beneficii-angajati tag-estetica-medicala tag-longevitate-activa tag-preventie-medicala tag-retentie-angajati tag-sanatate-la-locul-de-munca tag-wellbeing-la-birou\" role=\"listitem\">\n\t\t\t<div class=\"elementor-post__card\">\n\t\t\t\t<div class=\"elementor-post__text\">\n\t\t\t\t<h3 class=\"elementor-post__title\">\n\t\t\t<a href=\"https:\/\/reconnectclinic.ro\/en\/2025\/11\/05\/beautiful-aging-longevitate-la-birou\/\">\n\t\t\t\tLongevitate activ\u0103 la birou \u2013 beneficiile Beautiful Aging @ Work pentru angaja\u021bi \u0219i angajatori\t\t\t<\/a>\n\t\t<\/h3>\n\t\t\t\t<div class=\"elementor-post__excerpt\">\n\t\t\t<p>De ce companiile serioase investesc \u00een longevitate \u0219i ce \u00eenseamn\u0103 asta pentru echipe ? Longevitatea activ\u0103 la birou \u2013 sau Beautiful Aging @ Work \u2013<\/p>\n\t\t<\/div>\n\t\t\n\t\t<a class=\"elementor-post__read-more\" href=\"https:\/\/reconnectclinic.ro\/en\/2025\/11\/05\/beautiful-aging-longevitate-la-birou\/\" aria-label=\"Read more about Longevitate activ\u0103 la birou \u2013 beneficiile Beautiful Aging @ Work pentru angaja\u021bi \u0219i angajatori\" tabindex=\"-1\">\n\t\t\tCiteste tot \u00bb\t\t<\/a>\n\n\t\t\t\t<\/div>\n\t\t\t\t<div class=\"elementor-post__meta-data\">\n\t\t\t\t\t<span class=\"elementor-post-date\">\n\t\t\t05\/11\/2025\t\t<\/span>\n\t\t\t\t<\/div>\n\t\t\t\t\t<\/div>\n\t\t<\/article>\n\t\t\t\t<article class=\"elementor-post elementor-grid-item post-2678 post type-post status-publish format-standard hentry category-reconnect\" role=\"listitem\">\n\t\t\t<div class=\"elementor-post__card\">\n\t\t\t\t<div class=\"elementor-post__text\">\n\t\t\t\t<h3 class=\"elementor-post__title\">\n\t\t\t<a href=\"https:\/\/reconnectclinic.ro\/en\/2025\/11\/03\/5-mituri-despre-ingrijirea-pielii-dupa-40-de-ani\/\">\n\t\t\t\t5 mituri despre \u00eengrijirea pielii dup\u0103 40 de ani\t\t\t<\/a>\n\t\t<\/h3>\n\t\t\t\t<div class=\"elementor-post__excerpt\">\n\t\t\t<p>(Articol semnat de Dr. Iulia Ro\u0219u, medic dermatolog) Introducere Dr. Iulia Ro\u0219u este medic dermatolog \u0219i fondatoarea conceptului Beautiful Aging \u2014 o abordare care une\u0219te<\/p>\n\t\t<\/div>\n\t\t\n\t\t<a class=\"elementor-post__read-more\" href=\"https:\/\/reconnectclinic.ro\/en\/2025\/11\/03\/5-mituri-despre-ingrijirea-pielii-dupa-40-de-ani\/\" aria-label=\"Read more about 5 mituri despre \u00eengrijirea pielii dup\u0103 40 de ani\" tabindex=\"-1\">\n\t\t\tCiteste tot \u00bb\t\t<\/a>\n\n\t\t\t\t<\/div>\n\t\t\t\t<div class=\"elementor-post__meta-data\">\n\t\t\t\t\t<span class=\"elementor-post-date\">\n\t\t\t03\/11\/2025\t\t<\/span>\n\t\t\t\t<\/div>\n\t\t\t\t\t<\/div>\n\t\t<\/article>\n\t\t\t\t<article class=\"elementor-post elementor-grid-item post-1795 post type-post status-publish format-standard hentry category-reconnect\" role=\"listitem\">\n\t\t\t<div class=\"elementor-post__card\">\n\t\t\t\t<div class=\"elementor-post__text\">\n\t\t\t\t<h3 class=\"elementor-post__title\">\n\t\t\t<a href=\"https:\/\/reconnectclinic.ro\/en\/2025\/05\/26\/reconnect-health-beauty-clinic-o-noua-etapa-in-calatoria-spre-armonie-si-frumusete-naturala\/\">\n\t\t\t\tReconnect Health &#038; Beauty Clinic \u2013 Be your kind of beautiful! \u2013 by Dr. Iulia Rosu\t\t\t<\/a>\n\t\t<\/h3>\n\t\t\t\t<div class=\"elementor-post__excerpt\">\n\t\t\t<p>Sunt Dr. Iulia Ro\u0219u, medic specialist dermatologie \u0219i estetic\u0103 medical\u0103, trainer medical \u0219i fondatorul conceptului Reconnect, iar ast\u0103zi v\u0103 \u00eemp\u0103rt\u0103\u0219esc cu bucurie lansarea Reconnect Health<\/p>\n\t\t<\/div>\n\t\t\n\t\t<a class=\"elementor-post__read-more\" href=\"https:\/\/reconnectclinic.ro\/en\/2025\/05\/26\/reconnect-health-beauty-clinic-o-noua-etapa-in-calatoria-spre-armonie-si-frumusete-naturala\/\" aria-label=\"Read more about Reconnect Health &#038; Beauty Clinic \u2013 Be your kind of beautiful! \u2013 by Dr. Iulia Rosu\" tabindex=\"-1\">\n\t\t\tCiteste tot \u00bb\t\t<\/a>\n\n\t\t\t\t<\/div>\n\t\t\t\t<div class=\"elementor-post__meta-data\">\n\t\t\t\t\t<span class=\"elementor-post-date\">\n\t\t\t26\/05\/2025\t\t<\/span>\n\t\t\t\t<\/div>\n\t\t\t\t\t<\/div>\n\t\t<\/article>\n\t\t\t\t<\/div>\n\t\t\n\t\t\t\t<div class=\"e-load-more-anchor\" data-page=\"1\" data-max-page=\"3\" data-next-page=\"https:\/\/reconnectclinic.ro\/en\/wp-json\/wp\/v2\/pages\/360\/page\/2\/\"><\/div>\n\t\t\t\t<nav class=\"elementor-pagination\" aria-label=\"Pagination\">\n\t\t\t<span class=\"page-numbers prev\">&laquo; Previous<\/span>\n<span aria-current=\"page\" class=\"page-numbers current\"><span class=\"elementor-screen-only\">Page<\/span>1<\/span>\n<a class=\"page-numbers\" href=\"https:\/\/reconnectclinic.ro\/en\/wp-json\/wp\/v2\/pages\/360\/page\/2\/\"><span class=\"elementor-screen-only\">Page<\/span>2<\/a>\n<a class=\"page-numbers\" href=\"https:\/\/reconnectclinic.ro\/en\/wp-json\/wp\/v2\/pages\/360\/page\/3\/\"><span class=\"elementor-screen-only\">Page<\/span>3<\/a>\n<a class=\"page-numbers next\" href=\"https:\/\/reconnectclinic.ro\/en\/wp-json\/wp\/v2\/pages\/360\/page\/2\/\">Next &raquo;<\/a>\t\t<\/nav>\n\t\t\t\t\t\t<\/div>\n\t\t\t\t<\/div>\n\t\t\t\t<\/div>\n\t\t\t\t\t<\/div>\n\t\t\t\t<\/div>\n\t\t\t\t<\/div>","protected":false},"excerpt":{"rendered":"<p>New<\/p>","protected":false},"author":1,"featured_media":0,"parent":0,"menu_order":0,"comment_status":"closed","ping_status":"closed","template":"","meta":{"_acf_changed":false,"footnotes":""},"class_list":["post-360","page","type-page","status-publish","hentry"],"blocksy_meta":[],"acf":[],"_links":{"self":[{"href":"https:\/\/reconnectclinic.ro\/en\/wp-json\/wp\/v2\/pages\/360","targetHints":{"allow":["GET"]}}],"collection":[{"href":"https:\/\/reconnectclinic.ro\/en\/wp-json\/wp\/v2\/pages"}],"about":[{"href":"https:\/\/reconnectclinic.ro\/en\/wp-json\/wp\/v2\/types\/page"}],"author":[{"embeddable":true,"href":"https:\/\/reconnectclinic.ro\/en\/wp-json\/wp\/v2\/users\/1"}],"replies":[{"embeddable":true,"href":"https:\/\/reconnectclinic.ro\/en\/wp-json\/wp\/v2\/comments?post=360"}],"version-history":[{"count":6,"href":"https:\/\/reconnectclinic.ro\/en\/wp-json\/wp\/v2\/pages\/360\/revisions"}],"predecessor-version":[{"id":2444,"href":"https:\/\/reconnectclinic.ro\/en\/wp-json\/wp\/v2\/pages\/360\/revisions\/2444"}],"wp:attachment":[{"href":"https:\/\/reconnectclinic.ro\/en\/wp-json\/wp\/v2\/media?parent=360"}],"curies":[{"name":"wp","href":"https:\/\/api.w.org\/{rel}","templated":true}]}}