{"id":1093,"date":"2025-01-10T11:42:58","date_gmt":"2025-01-10T09:42:58","guid":{"rendered":"https:\/\/reconnectclinic.ro\/?page_id=1093"},"modified":"2025-01-12T23:02:31","modified_gmt":"2025-01-12T21:02:31","slug":"povestea-noastra","status":"publish","type":"page","link":"https:\/\/reconnectclinic.ro\/en\/povestea-noastra\/","title":{"rendered":"Povestea noastra"},"content":{"rendered":"<div data-elementor-type=\"wp-page\" data-elementor-id=\"1093\" class=\"elementor elementor-1093\" data-elementor-post-type=\"page\">\n\t\t\t\t<div class=\"elementor-element elementor-element-fc56ef7 e-flex e-con-boxed e-con e-parent\" data-id=\"fc56ef7\" data-element_type=\"container\">\n\t\t\t\t\t<div class=\"e-con-inner\">\n\t\t\t\t<div class=\"elementor-element elementor-element-0eab682 elementor-widget elementor-widget-heading\" data-id=\"0eab682\" data-element_type=\"widget\" data-widget_type=\"heading.default\">\n\t\t\t\t<div class=\"elementor-widget-container\">\n\t\t\t\t\t<h1 class=\"elementor-heading-title elementor-size-default\">Povestea noastra<\/h1>\t\t\t\t<\/div>\n\t\t\t\t<\/div>\n\t\t\t\t<div class=\"elementor-element elementor-element-f56b3f8 elementor-widget-divider--view-line elementor-invisible elementor-widget elementor-widget-divider\" data-id=\"f56b3f8\" data-element_type=\"widget\" data-settings=\"{&quot;_animation&quot;:&quot;fadeInLeft&quot;}\" data-widget_type=\"divider.default\">\n\t\t\t\t<div class=\"elementor-widget-container\">\n\t\t\t\t\t\t\t<div class=\"elementor-divider\">\n\t\t\t<span class=\"elementor-divider-separator\">\n\t\t\t\t\t\t<\/span>\n\t\t<\/div>\n\t\t\t\t\t\t<\/div>\n\t\t\t\t<\/div>\n\t\t\t\t\t<\/div>\n\t\t\t\t<\/div>\n\t\t<div class=\"elementor-element elementor-element-c5c370b e-flex e-con-boxed e-con e-parent\" data-id=\"c5c370b\" data-element_type=\"container\">\n\t\t\t\t\t<div class=\"e-con-inner\">\n\t\t<div class=\"elementor-element elementor-element-c14bbf0 e-con-full e-flex e-con e-child\" data-id=\"c14bbf0\" data-element_type=\"container\">\n\t\t\t\t<div class=\"elementor-element elementor-element-576359d elementor-widget elementor-widget-text-editor\" data-id=\"576359d\" data-element_type=\"widget\" data-widget_type=\"text-editor.default\">\n\t\t\t\t<div class=\"elementor-widget-container\">\n\t\t\t\t\t\t\t\t\t<p><b>Reconnect Health &amp; Beauty Clinic<\/b><span style=\"font-weight: 400;\"> a fost \u00eenfiin\u021bat\u0103 din dorin\u021ba de a revolu\u021biona domeniul esteticii medicale, prin integrarea celor mai avansate tehnologii cu expertiza unui personal medical de excep\u021bie. \u00cenceputurile noastre sunt caracterizate de viziunea unui spa\u021biu dedicat nu doar frumuse\u021bii exterioare, ci \u0219i bun\u0103st\u0103rii \u0219i \u00eencrederii fiec\u0103rui pacient. Cu un angajament ferm fa\u021b\u0103 de excelen\u021b\u0103, am reunit o echip\u0103 de medici specializa\u021bi \u0219i terapeu\u021bi cu experien\u021b\u0103 vast\u0103, care \u00eemp\u0103rt\u0103\u0219esc pasiunea pentru frumuse\u021be \u0219i rezultatele remarcabile.<\/span><\/p><p><span style=\"font-weight: 400;\">Clinica noastr\u0103 este rezultatul unei cercet\u0103ri continue \u0219i a unui efort constant de a adresa cele mai exigente standarde din domeniul esteticii medicale. Am investit \u00een aparatur\u0103 de ultim\u0103 genera\u021bie \u0219i am creat un mediu de lux, \u00een care fiecare detaliu este g\u00e2ndit pentru a oferi confort \u0219i siguran\u021b\u0103. La <\/span><b>Reconnect Health &amp; Beauty Clinic<\/b><span style=\"font-weight: 400;\">, ne concentr\u0103m pe ob\u021binerea celor mai bune rezultate, prin tratamente personalizate, bazate pe nevoile individuale ale fiec\u0103rui pacient.<\/span><\/p><p><span style=\"font-weight: 400;\">Povestea noastr\u0103 este despre dedicare, profesionalism \u0219i dorin\u021ba de a oferi solu\u021bii inovative care s\u0103 r\u0103spund\u0103 celor mai complexe cerin\u021be estetice \u0219i medicale. Ne propunem s\u0103 construim o rela\u021bie de \u00eencredere cu fiecare pacient, sprijinindu-l \u00een c\u0103l\u0103toria sa c\u0103tre o versiune mai s\u0103n\u0103toas\u0103, mai frumoas\u0103 \u0219i mai \u00eencrez\u0103toare a propriei persoane. Ast\u0103zi, <\/span><b>Reconnect Health &amp; Beauty Clinic <\/b><span style=\"font-weight: 400;\">este un simbol al calit\u0103\u021bii \u0219i al profesionalismului \u00een domeniul esteticii medicale, iar misiunea noastr\u0103 r\u0103m\u00e2ne aceea de a oferi solu\u021bii de top \u00eentr-un cadru de lux, cu accent pe siguran\u021b\u0103, eficien\u021b\u0103 \u0219i confort.<\/span><\/p>\t\t\t\t\t\t\t\t<\/div>\n\t\t\t\t<\/div>\n\t\t\t\t<\/div>\n\t\t<div class=\"elementor-element elementor-element-b771916 e-con-full e-flex e-con e-child\" data-id=\"b771916\" data-element_type=\"container\">\n\t\t\t\t<div class=\"elementor-element elementor-element-0fe0415 elementor-widget elementor-widget-image\" data-id=\"0fe0415\" data-element_type=\"widget\" data-widget_type=\"image.default\">\n\t\t\t\t<div class=\"elementor-widget-container\">\n\t\t\t\t\t\t\t\t\t\t\t\t\t\t\t<img fetchpriority=\"high\" decoding=\"async\" width=\"682\" height=\"1024\" src=\"https:\/\/reconnectclinic.ro\/wp-content\/uploads\/2025\/01\/Povestea-noastra-1-682x1024.webp\" class=\"attachment-large size-large wp-image-1172\" alt=\"\" srcset=\"https:\/\/reconnectclinic.ro\/wp-content\/uploads\/2025\/01\/Povestea-noastra-1-682x1024.webp 682w, https:\/\/reconnectclinic.ro\/wp-content\/uploads\/2025\/01\/Povestea-noastra-1-200x300.webp 200w, https:\/\/reconnectclinic.ro\/wp-content\/uploads\/2025\/01\/Povestea-noastra-1-768x1152.webp 768w, https:\/\/reconnectclinic.ro\/wp-content\/uploads\/2025\/01\/Povestea-noastra-1-1024x1536.webp 1024w, https:\/\/reconnectclinic.ro\/wp-content\/uploads\/2025\/01\/Povestea-noastra-1-8x12.webp 8w, https:\/\/reconnectclinic.ro\/wp-content\/uploads\/2025\/01\/Povestea-noastra-1-600x900.webp 600w, https:\/\/reconnectclinic.ro\/wp-content\/uploads\/2025\/01\/Povestea-noastra-1.webp 1149w\" sizes=\"(max-width: 682px) 100vw, 682px\" \/>\t\t\t\t\t\t\t\t\t\t\t\t\t\t\t<\/div>\n\t\t\t\t<\/div>\n\t\t\t\t<\/div>\n\t\t\t\t\t<\/div>\n\t\t\t\t<\/div>\n\t\t<div class=\"elementor-element elementor-element-c1ce068 e-flex e-con-boxed e-con e-parent\" data-id=\"c1ce068\" data-element_type=\"container\">\n\t\t\t\t\t<div class=\"e-con-inner\">\n\t\t\t\t<div class=\"elementor-element elementor-element-6d75732 elementor-widget elementor-widget-google_maps\" data-id=\"6d75732\" data-element_type=\"widget\" data-widget_type=\"google_maps.default\">\n\t\t\t\t<div class=\"elementor-widget-container\">\n\t\t\t\t\t\t\t<div class=\"elementor-custom-embed\">\n\t\t\t<iframe loading=\"lazy\"\n\t\t\t\t\tsrc=\"https:\/\/maps.google.com\/maps?q=%C8%98oseaua%20Nordului%20nr%20100F&#038;t=m&#038;z=15&#038;output=embed&#038;iwloc=near\"\n\t\t\t\t\ttitle=\"\u0218oseaua Nordului nr 100F\"\n\t\t\t\t\taria-label=\"\u0218oseaua Nordului nr 100F\"\n\t\t\t><\/iframe>\n\t\t<\/div>\n\t\t\t\t\t\t<\/div>\n\t\t\t\t<\/div>\n\t\t\t\t\t<\/div>\n\t\t\t\t<\/div>\n\t\t\t\t<\/div>","protected":false},"excerpt":{"rendered":"<p>Povestea noastra Reconnect Health &amp; Beauty Clinic a fost \u00eenfiin\u021bat\u0103 din dorin\u021ba de a revolu\u021biona domeniul esteticii medicale, prin integrarea celor mai avansate tehnologii cu expertiza unui personal medical de excep\u021bie. \u00cenceputurile noastre sunt caracterizate de viziunea unui spa\u021biu dedicat nu doar frumuse\u021bii exterioare, ci \u0219i bun\u0103st\u0103rii \u0219i \u00eencrederii fiec\u0103rui pacient. Cu un angajament ferm [&hellip;]<\/p>","protected":false},"author":1,"featured_media":0,"parent":0,"menu_order":0,"comment_status":"closed","ping_status":"closed","template":"","meta":{"_acf_changed":false,"footnotes":""},"class_list":["post-1093","page","type-page","status-publish","hentry"],"blocksy_meta":[],"acf":[],"_links":{"self":[{"href":"https:\/\/reconnectclinic.ro\/en\/wp-json\/wp\/v2\/pages\/1093","targetHints":{"allow":["GET"]}}],"collection":[{"href":"https:\/\/reconnectclinic.ro\/en\/wp-json\/wp\/v2\/pages"}],"about":[{"href":"https:\/\/reconnectclinic.ro\/en\/wp-json\/wp\/v2\/types\/page"}],"author":[{"embeddable":true,"href":"https:\/\/reconnectclinic.ro\/en\/wp-json\/wp\/v2\/users\/1"}],"replies":[{"embeddable":true,"href":"https:\/\/reconnectclinic.ro\/en\/wp-json\/wp\/v2\/comments?post=1093"}],"version-history":[{"count":0,"href":"https:\/\/reconnectclinic.ro\/en\/wp-json\/wp\/v2\/pages\/1093\/revisions"}],"wp:attachment":[{"href":"https:\/\/reconnectclinic.ro\/en\/wp-json\/wp\/v2\/media?parent=1093"}],"curies":[{"name":"wp","href":"https:\/\/api.w.org\/{rel}","templated":true}]}}