{"id":107,"date":"2024-12-04T17:05:28","date_gmt":"2024-12-04T17:05:28","guid":{"rendered":"https:\/\/reconnectclinic.ro\/?page_id=107"},"modified":"2025-01-27T18:06:33","modified_gmt":"2025-01-27T16:06:33","slug":"despre-noi","status":"publish","type":"page","link":"https:\/\/reconnectclinic.ro\/en\/despre-noi\/","title":{"rendered":"About us"},"content":{"rendered":"<div data-elementor-type=\"wp-page\" data-elementor-id=\"107\" class=\"elementor elementor-107\" data-elementor-post-type=\"page\">\n\t\t\t\t<div class=\"elementor-element elementor-element-fc56ef7 e-flex e-con-boxed e-con e-parent\" data-id=\"fc56ef7\" data-element_type=\"container\">\n\t\t\t\t\t<div class=\"e-con-inner\">\n\t\t\t\t<div class=\"elementor-element elementor-element-0eab682 elementor-widget elementor-widget-heading\" data-id=\"0eab682\" data-element_type=\"widget\" data-widget_type=\"heading.default\">\n\t\t\t\t<div class=\"elementor-widget-container\">\n\t\t\t\t\t<h1 class=\"elementor-heading-title elementor-size-default\">About us<\/h1>\t\t\t\t<\/div>\n\t\t\t\t<\/div>\n\t\t\t\t<div class=\"elementor-element elementor-element-f56b3f8 elementor-widget-divider--view-line elementor-invisible elementor-widget elementor-widget-divider\" data-id=\"f56b3f8\" data-element_type=\"widget\" data-settings=\"{&quot;_animation&quot;:&quot;fadeInLeft&quot;}\" data-widget_type=\"divider.default\">\n\t\t\t\t<div class=\"elementor-widget-container\">\n\t\t\t\t\t\t\t<div class=\"elementor-divider\">\n\t\t\t<span class=\"elementor-divider-separator\">\n\t\t\t\t\t\t<\/span>\n\t\t<\/div>\n\t\t\t\t\t\t<\/div>\n\t\t\t\t<\/div>\n\t\t\t\t\t<\/div>\n\t\t\t\t<\/div>\n\t\t<div class=\"elementor-element elementor-element-c5c370b e-flex e-con-boxed e-con e-parent\" data-id=\"c5c370b\" data-element_type=\"container\">\n\t\t\t\t\t<div class=\"e-con-inner\">\n\t\t<div class=\"elementor-element elementor-element-c14bbf0 e-con-full e-flex e-con e-child\" data-id=\"c14bbf0\" data-element_type=\"container\">\n\t\t\t\t<div class=\"elementor-element elementor-element-bf92405 elementor-widget elementor-widget-heading\" data-id=\"bf92405\" data-element_type=\"widget\" data-widget_type=\"heading.default\">\n\t\t\t\t<div class=\"elementor-widget-container\">\n\t\t\t\t\t<h2 class=\"elementor-heading-title elementor-size-default\">Mission<\/h2>\t\t\t\t<\/div>\n\t\t\t\t<\/div>\n\t\t\t\t<div class=\"elementor-element elementor-element-576359d elementor-widget elementor-widget-text-editor\" data-id=\"576359d\" data-element_type=\"widget\" data-widget_type=\"text-editor.default\">\n\t\t\t\t<div class=\"elementor-widget-container\">\n\t\t\t\t\t\t\t\t\t<p>Our mission is to redefine beauty by harmonizing a natural, rejuvenated appearance with each person's health and uniqueness. Reconnect Health &amp; Beauty Clinic is where outer beauty meets inner health and wellness.<\/p><p>Our dermatology and aesthetic medicine services prioritize skin health and quality, always respecting each patient's unique features and facial structure. We understand that the skin reflects inner well-being, which is why we take a multidisciplinary and integrative approach.<\/p><p>Our team of specialists in dermatology, aesthetic medicine, plastic surgery, nutrition, metabolic diseases, endocrinology, gynecology, allergology, geriatrics, acupuncture, psychology, psychonutrition, somatic therapy, quantum medicine, bioresonance, ozone therapy, and manual therapies work together to provide a complete experience and personalized solutions tailored to each patient\u2019s individual needs.<\/p><p>\u201cDedicated to your Health &amp; Beauty!\u201d<\/p>\t\t\t\t\t\t\t\t<\/div>\n\t\t\t\t<\/div>\n\t\t\t\t<\/div>\n\t\t<div class=\"elementor-element elementor-element-b771916 e-con-full e-flex e-con e-child\" data-id=\"b771916\" data-element_type=\"container\">\n\t\t\t\t<div class=\"elementor-element elementor-element-9d7cf41 elementor-invisible elementor-widget elementor-widget-image\" data-id=\"9d7cf41\" data-element_type=\"widget\" data-settings=\"{&quot;_animation&quot;:&quot;fadeIn&quot;}\" data-widget_type=\"image.default\">\n\t\t\t\t<div class=\"elementor-widget-container\">\n\t\t\t\t\t\t\t\t\t\t\t\t\t\t\t<img fetchpriority=\"high\" decoding=\"async\" width=\"1024\" height=\"576\" src=\"https:\/\/reconnectclinic.ro\/wp-content\/uploads\/2025\/01\/Misiune-1024x576.webp\" class=\"attachment-large size-large wp-image-1470\" alt=\"\" srcset=\"https:\/\/reconnectclinic.ro\/wp-content\/uploads\/2025\/01\/Misiune-1024x576.webp 1024w, https:\/\/reconnectclinic.ro\/wp-content\/uploads\/2025\/01\/Misiune-300x169.webp 300w, https:\/\/reconnectclinic.ro\/wp-content\/uploads\/2025\/01\/Misiune-768x432.webp 768w, https:\/\/reconnectclinic.ro\/wp-content\/uploads\/2025\/01\/Misiune-1536x864.webp 1536w, https:\/\/reconnectclinic.ro\/wp-content\/uploads\/2025\/01\/Misiune-18x10.webp 18w, https:\/\/reconnectclinic.ro\/wp-content\/uploads\/2025\/01\/Misiune-600x338.webp 600w, https:\/\/reconnectclinic.ro\/wp-content\/uploads\/2025\/01\/Misiune.webp 2000w\" sizes=\"(max-width: 1024px) 100vw, 1024px\" \/>\t\t\t\t\t\t\t\t\t\t\t\t\t\t\t<\/div>\n\t\t\t\t<\/div>\n\t\t\t\t<\/div>\n\t\t\t\t\t<\/div>\n\t\t\t\t<\/div>\n\t\t<div class=\"elementor-element elementor-element-087c488 e-flex e-con-boxed e-con e-parent\" data-id=\"087c488\" data-element_type=\"container\">\n\t\t\t\t\t<div class=\"e-con-inner\">\n\t\t<div class=\"elementor-element elementor-element-061866c e-con-full e-flex e-con e-child\" data-id=\"061866c\" data-element_type=\"container\">\n\t\t\t\t<div class=\"elementor-element elementor-element-2cb916d elementor-invisible elementor-widget elementor-widget-image\" data-id=\"2cb916d\" data-element_type=\"widget\" data-settings=\"{&quot;_animation&quot;:&quot;fadeIn&quot;}\" data-widget_type=\"image.default\">\n\t\t\t\t<div class=\"elementor-widget-container\">\n\t\t\t\t\t\t\t\t\t\t\t\t\t\t\t<img decoding=\"async\" width=\"1000\" height=\"667\" src=\"https:\/\/reconnectclinic.ro\/wp-content\/uploads\/2025\/01\/Viziune-1.webp\" class=\"attachment-large size-large wp-image-1491\" alt=\"\" srcset=\"https:\/\/reconnectclinic.ro\/wp-content\/uploads\/2025\/01\/Viziune-1.webp 1000w, https:\/\/reconnectclinic.ro\/wp-content\/uploads\/2025\/01\/Viziune-1-300x200.webp 300w, https:\/\/reconnectclinic.ro\/wp-content\/uploads\/2025\/01\/Viziune-1-768x512.webp 768w, https:\/\/reconnectclinic.ro\/wp-content\/uploads\/2025\/01\/Viziune-1-18x12.webp 18w, https:\/\/reconnectclinic.ro\/wp-content\/uploads\/2025\/01\/Viziune-1-600x400.webp 600w\" sizes=\"(max-width: 1000px) 100vw, 1000px\" \/>\t\t\t\t\t\t\t\t\t\t\t\t\t\t\t<\/div>\n\t\t\t\t<\/div>\n\t\t\t\t<\/div>\n\t\t<div class=\"elementor-element elementor-element-bbf1a9e e-con-full e-flex e-con e-child\" data-id=\"bbf1a9e\" data-element_type=\"container\">\n\t\t\t\t<div class=\"elementor-element elementor-element-019075c elementor-widget elementor-widget-heading\" data-id=\"019075c\" data-element_type=\"widget\" data-widget_type=\"heading.default\">\n\t\t\t\t<div class=\"elementor-widget-container\">\n\t\t\t\t\t<h2 class=\"elementor-heading-title elementor-size-default\">Vision<\/h2>\t\t\t\t<\/div>\n\t\t\t\t<\/div>\n\t\t\t\t<div class=\"elementor-element elementor-element-d97306d elementor-widget elementor-widget-text-editor\" data-id=\"d97306d\" data-element_type=\"widget\" data-widget_type=\"text-editor.default\">\n\t\t\t\t<div class=\"elementor-widget-container\">\n\t\t\t\t\t\t\t\t\t<p>\"We aim to become a national and international benchmark in natural aesthetic medicine \u2014 a center of excellence dedicated both to patients seeking authentic beauty and to doctors striving to perfect their skills in aesthetic injection techniques that deliver natural results. We believe in authentic beauty \u2014 both inner and outer \u2014 and are committed to promoting treatments that highlight and respect each person's uniqueness, while preserving the balance and harmony of their features. Through our dedication to quality, innovation, and education, we aspire to transform natural beauty into a universal standard, powered at its core by self-love.<\/p><p>\u00a0&#8222;Be your kind of beautiful!&#8221;<\/p>\t\t\t\t\t\t\t\t<\/div>\n\t\t\t\t<\/div>\n\t\t\t\t<\/div>\n\t\t\t\t\t<\/div>\n\t\t\t\t<\/div>\n\t\t<div class=\"elementor-element elementor-element-c1ce068 e-flex e-con-boxed e-con e-parent\" data-id=\"c1ce068\" data-element_type=\"container\">\n\t\t\t\t\t<div class=\"e-con-inner\">\n\t\t\t\t<div class=\"elementor-element elementor-element-6d75732 elementor-widget elementor-widget-google_maps\" data-id=\"6d75732\" data-element_type=\"widget\" data-widget_type=\"google_maps.default\">\n\t\t\t\t<div class=\"elementor-widget-container\">\n\t\t\t\t\t\t\t<div class=\"elementor-custom-embed\">\n\t\t\t<iframe loading=\"lazy\"\n\t\t\t\t\tsrc=\"https:\/\/maps.google.com\/maps?q=%C8%98oseaua%20Nordului%20nr%20100F%2C%20Bucuresti&#038;t=m&#038;z=15&#038;output=embed&#038;iwloc=near\"\n\t\t\t\t\ttitle=\"\u0218oseaua Nordului nr 100F, Bucuresti\"\n\t\t\t\t\taria-label=\"\u0218oseaua Nordului nr 100F, Bucuresti\"\n\t\t\t><\/iframe>\n\t\t<\/div>\n\t\t\t\t\t\t<\/div>\n\t\t\t\t<\/div>\n\t\t\t\t\t<\/div>\n\t\t\t\t<\/div>\n\t\t\t\t<\/div>","protected":false},"excerpt":{"rendered":"<p>Despre noi Misiune Misiunea noastr\u0103 este s\u0103 redefinim frumuse\u021bea prin armonizarea unui aspect fizic natural \u0219i \u00eentinerit cu s\u0103n\u0103tatea \u0219i unicitatea fiec\u0103rei persoane. Reconnect Health &amp; Beauty Clinic reprezint\u0103 locul \u00een care frumuse\u021bea exterioar\u0103 se \u00eent\u00e2lne\u0219te cu s\u0103n\u0103tatea \u0219i frumuse\u021bea interioar\u0103. Serviciile noastre de dermatologie \u0219i estetic\u0103 medical\u0103 pun pe primul loc s\u0103n\u0103tatea \u0219i calitatea [&hellip;]<\/p>","protected":false},"author":1,"featured_media":0,"parent":0,"menu_order":0,"comment_status":"closed","ping_status":"closed","template":"","meta":{"_acf_changed":false,"footnotes":""},"class_list":["post-107","page","type-page","status-publish","hentry"],"blocksy_meta":[],"acf":[],"_links":{"self":[{"href":"https:\/\/reconnectclinic.ro\/en\/wp-json\/wp\/v2\/pages\/107","targetHints":{"allow":["GET"]}}],"collection":[{"href":"https:\/\/reconnectclinic.ro\/en\/wp-json\/wp\/v2\/pages"}],"about":[{"href":"https:\/\/reconnectclinic.ro\/en\/wp-json\/wp\/v2\/types\/page"}],"author":[{"embeddable":true,"href":"https:\/\/reconnectclinic.ro\/en\/wp-json\/wp\/v2\/users\/1"}],"replies":[{"embeddable":true,"href":"https:\/\/reconnectclinic.ro\/en\/wp-json\/wp\/v2\/comments?post=107"}],"version-history":[{"count":0,"href":"https:\/\/reconnectclinic.ro\/en\/wp-json\/wp\/v2\/pages\/107\/revisions"}],"wp:attachment":[{"href":"https:\/\/reconnectclinic.ro\/en\/wp-json\/wp\/v2\/media?parent=107"}],"curies":[{"name":"wp","href":"https:\/\/api.w.org\/{rel}","templated":true}]}}